{"id":2082,"date":"2020-07-22T19:13:04","date_gmt":"2020-07-22T19:13:04","guid":{"rendered":"https:\/\/mhimmo.de\/?page_id=2082"},"modified":"2023-12-06T09:00:47","modified_gmt":"2023-12-06T09:00:47","slug":"datenschutzerklaerung","status":"publish","type":"page","link":"https:\/\/mhimmo.de\/?page_id=2082","title":{"rendered":"Impressum"},"content":{"rendered":"\t\t<div data-elementor-type=\"wp-page\" data-elementor-id=\"2082\" class=\"elementor elementor-2082\">\n\t\t\t\t\t\t<section class=\"elementor-section elementor-top-section elementor-element elementor-element-4b921a74 elementor-section-boxed elementor-section-height-default elementor-section-height-default\" data-id=\"4b921a74\" data-element_type=\"section\">\n\t\t\t\t\t\t<div class=\"elementor-container elementor-column-gap-default\">\n\t\t\t\t\t<div class=\"elementor-column elementor-col-100 elementor-top-column elementor-element elementor-element-4b97e48d\" data-id=\"4b97e48d\" data-element_type=\"column\">\n\t\t\t<div class=\"elementor-widget-wrap elementor-element-populated\">\n\t\t\t\t\t\t<div class=\"elementor-element elementor-element-1114bb83 elementor-widget elementor-widget-text-editor\" data-id=\"1114bb83\" data-element_type=\"widget\" data-widget_type=\"text-editor.default\">\n\t\t\t\t<div class=\"elementor-widget-container\">\n\t\t\t\t\t\t\t\t\t<div class=\"sppb-addon-content\"><p class=\"p1\">(gem\u00e4\u00df \u00a7 5 TMG)<\/p><p><strong>MH Immobilien Monika Haumann<\/strong><br \/><strong>An der Erdinger Str. 13<\/strong><br \/><strong>85447 Fraunberg \/ OT Tittenkofen<\/strong><\/p><p>Telefon: +49 (0)8122 99 50 50<br \/>E-Mail: mh@mhimmo.de<br \/>Website: www.mhimmo.de<\/p><p>Zust\u00e4ndige Aufsichtsbeh\u00f6rde:<br \/>Landratsamt Erding<br \/>Alois-Schie\u00dfl-Platz 2<br \/>85435 Erding<br \/>Telefon: 08122 \/ 580<br \/>E-Mail: poststelle@lra-ed.de<span class=\"Apple-converted-space\">\u00a0<\/span><br \/><span class=\"s2\">www.landkreis-erding.de<\/span><\/p><p class=\"p4\"><span class=\"s2\">Streitschlichtung:<br \/>Wir erkl\u00e4ren, dass wir zur Teilnahme an einem Streitbeilegungsverfahren vor einer Verbraucherschlichtungsstelle weder verpflichtet noch bereit sind.<br \/><\/span><\/p><p><span class=\"s1\">Umsatzsteuer-Identifikationsnummer gem\u00e4\u00df \u00a7 27 a Umsatzsteuergesetz:\u00a0DE208192078<br \/>Inhaltlich Verantwortlicher gem\u00e4\u00df \u00a7 5 Abs.1 Nr.1 TMG, \u00a7 55 Abs. 2 RStV: Monika Haumann\u00a0<\/span><span class=\"s1\">(Anschrift wie oben)<\/span><\/p><p><strong>Urheberrecht<\/strong><\/p><p>Die durch die Seitenbetreiber erstellten Inhalte und Werke auf diesen Seiten unterliegen dem deutschen Urheberrecht. Die Vervielf\u00e4ltigung, Bearbeitung, Verbreitung und jede Art der Verwertung au\u00dferhalb der Grenzen des Urheberrechtes bed\u00fcrfen der schriftlichen Zustimmung des jeweiligen Autors bzw. Erstellers. Downloads und Kopien dieser Seite sind nur f\u00fcr den privaten, nicht kommerziellen Gebrauch gestattet. Soweit die Inhalte auf dieser Seite nicht vom Betreiber erstellt wurden, werden die Urheberrechte Dritter beachtet. Insbesondere werden Inhalte Dritter als solche gekennzeichnet. Sollten Sie trotzdem auf eine Urheberrechtsverletzung aufmerksam werden, bitten wir um einen entsprechenden Hinweis. Bei Bekanntwerden von Rechtsverletzungen werden wir derartige Inhalte umgehend entfernen.<\/p><p><strong>Design &amp; Hosting<\/strong><\/p><p>KreativStudio Sebastian Hohmann<br \/>Thomas-Wimmer-Str. 34<br \/>85435 Erding<br \/>Telefon: 0151 67305951<br \/>E-Mail: sh@kreativstdio-hohmann.de<br \/><a href=\"https:\/\/www.kreativstudio-hohmann.de\/\" target=\"_blank\" rel=\"noopener\">www.kreativstudio-hohmann.de<\/a><\/p><p><strong>Fotos, Grafiken, Icons<br \/><\/strong><\/p><p>KreativStudio Sebastian Hohmann<\/p><p>Wir weisen darauf hin, dass die auf dieser Website genannten und gezeigten Logos, Bezeichnungen, Warenzeichen und Markennamen Eigentum der entsprechenden Firmen und\/oder Personen sind und dem Markenrecht unterliegen.<\/p><\/div>\t\t\t\t\t\t\t\t<\/div>\n\t\t\t\t<\/div>\n\t\t\t\t\t<\/div>\n\t\t<\/div>\n\t\t\t\t\t<\/div>\n\t\t<\/section>\n\t\t\t\t<\/div>\n\t\t","protected":false},"excerpt":{"rendered":"<p>(gem\u00e4\u00df \u00a7 5 TMG) MH Immobilien Monika HaumannAn der Erdinger Str. 1385447 Fraunberg \/ OT Tittenkofen Telefon: +49 (0)8122 99 50 50E-Mail: mh@mhimmo.deWebsite: www.mhimmo.de Zust\u00e4ndige Aufsichtsbeh\u00f6rde:Landratsamt ErdingAlois-Schie\u00dfl-Platz 285435 ErdingTelefon: 08122 \/ 580E-Mail: poststelle@lra-ed.de\u00a0www.landkreis-erding.de Streitschlichtung:Wir erkl\u00e4ren, dass wir zur Teilnahme an einem Streitbeilegungsverfahren vor einer Verbraucherschlichtungsstelle weder verpflichtet noch bereit sind. Umsatzsteuer-Identifikationsnummer gem\u00e4\u00df \u00a7 27 a [&hellip;]<\/p>\n","protected":false},"author":1,"featured_media":0,"parent":0,"menu_order":0,"comment_status":"closed","ping_status":"closed","template":"","meta":{"footnotes":""},"class_list":["post-2082","page","type-page","status-publish","hentry"],"yoast_head":"<!-- This site is optimized with the Yoast SEO plugin v26.8 - https:\/\/yoast.com\/product\/yoast-seo-wordpress\/ -->\n<title>Impressum - MH Immobilien Monika Haumann<\/title>\n<meta name=\"robots\" content=\"index, follow, max-snippet:-1, max-image-preview:large, max-video-preview:-1\" \/>\n<link rel=\"canonical\" href=\"https:\/\/mhimmo.de\/?page_id=2082\" \/>\n<meta property=\"og:locale\" content=\"de_DE\" \/>\n<meta property=\"og:type\" content=\"article\" \/>\n<meta property=\"og:title\" content=\"Impressum - MH Immobilien Monika Haumann\" \/>\n<meta property=\"og:description\" content=\"(gem\u00e4\u00df \u00a7 5 TMG) MH Immobilien Monika HaumannAn der Erdinger Str. 1385447 Fraunberg \/ OT Tittenkofen Telefon: +49 (0)8122 99 50 50E-Mail: mh@mhimmo.deWebsite: www.mhimmo.de Zust\u00e4ndige Aufsichtsbeh\u00f6rde:Landratsamt ErdingAlois-Schie\u00dfl-Platz 285435 ErdingTelefon: 08122 \/ 580E-Mail: poststelle@lra-ed.de\u00a0www.landkreis-erding.de Streitschlichtung:Wir erkl\u00e4ren, dass wir zur Teilnahme an einem Streitbeilegungsverfahren vor einer Verbraucherschlichtungsstelle weder verpflichtet noch bereit sind. Umsatzsteuer-Identifikationsnummer gem\u00e4\u00df \u00a7 27 a [&hellip;]\" \/>\n<meta property=\"og:url\" content=\"https:\/\/mhimmo.de\/?page_id=2082\" \/>\n<meta property=\"og:site_name\" content=\"MH Immobilien Monika Haumann\" \/>\n<meta property=\"article:modified_time\" content=\"2023-12-06T09:00:47+00:00\" \/>\n<meta name=\"twitter:card\" content=\"summary_large_image\" \/>\n<meta name=\"twitter:label1\" content=\"Gesch\u00e4tzte Lesezeit\" \/>\n\t<meta name=\"twitter:data1\" content=\"1\u00a0Minute\" \/>\n<script type=\"application\/ld+json\" class=\"yoast-schema-graph\">{\"@context\":\"https:\/\/schema.org\",\"@graph\":[{\"@type\":\"WebPage\",\"@id\":\"https:\/\/mhimmo.de\/?page_id=2082\",\"url\":\"https:\/\/mhimmo.de\/?page_id=2082\",\"name\":\"Impressum - MH Immobilien Monika Haumann\",\"isPartOf\":{\"@id\":\"https:\/\/mhimmo.de\/#website\"},\"datePublished\":\"2020-07-22T19:13:04+00:00\",\"dateModified\":\"2023-12-06T09:00:47+00:00\",\"breadcrumb\":{\"@id\":\"https:\/\/mhimmo.de\/?page_id=2082#breadcrumb\"},\"inLanguage\":\"de\",\"potentialAction\":[{\"@type\":\"ReadAction\",\"target\":[\"https:\/\/mhimmo.de\/?page_id=2082\"]}]},{\"@type\":\"BreadcrumbList\",\"@id\":\"https:\/\/mhimmo.de\/?page_id=2082#breadcrumb\",\"itemListElement\":[{\"@type\":\"ListItem\",\"position\":1,\"name\":\"Startseite\",\"item\":\"https:\/\/mhimmo.de\/\"},{\"@type\":\"ListItem\",\"position\":2,\"name\":\"Impressum\"}]},{\"@type\":\"WebSite\",\"@id\":\"https:\/\/mhimmo.de\/#website\",\"url\":\"https:\/\/mhimmo.de\/\",\"name\":\"MH Immobilien Monika Haumann\",\"description\":\"Ihr Immobilienmakler in Erding und Umgebung\",\"potentialAction\":[{\"@type\":\"SearchAction\",\"target\":{\"@type\":\"EntryPoint\",\"urlTemplate\":\"https:\/\/mhimmo.de\/?s={search_term_string}\"},\"query-input\":{\"@type\":\"PropertyValueSpecification\",\"valueRequired\":true,\"valueName\":\"search_term_string\"}}],\"inLanguage\":\"de\"}]}<\/script>\n<!-- \/ Yoast SEO plugin. -->","yoast_head_json":{"title":"Impressum - MH Immobilien Monika Haumann","robots":{"index":"index","follow":"follow","max-snippet":"max-snippet:-1","max-image-preview":"max-image-preview:large","max-video-preview":"max-video-preview:-1"},"canonical":"https:\/\/mhimmo.de\/?page_id=2082","og_locale":"de_DE","og_type":"article","og_title":"Impressum - MH Immobilien Monika Haumann","og_description":"(gem\u00e4\u00df \u00a7 5 TMG) MH Immobilien Monika HaumannAn der Erdinger Str. 1385447 Fraunberg \/ OT Tittenkofen Telefon: +49 (0)8122 99 50 50E-Mail: mh@mhimmo.deWebsite: www.mhimmo.de Zust\u00e4ndige Aufsichtsbeh\u00f6rde:Landratsamt ErdingAlois-Schie\u00dfl-Platz 285435 ErdingTelefon: 08122 \/ 580E-Mail: poststelle@lra-ed.de\u00a0www.landkreis-erding.de Streitschlichtung:Wir erkl\u00e4ren, dass wir zur Teilnahme an einem Streitbeilegungsverfahren vor einer Verbraucherschlichtungsstelle weder verpflichtet noch bereit sind. Umsatzsteuer-Identifikationsnummer gem\u00e4\u00df \u00a7 27 a [&hellip;]","og_url":"https:\/\/mhimmo.de\/?page_id=2082","og_site_name":"MH Immobilien Monika Haumann","article_modified_time":"2023-12-06T09:00:47+00:00","twitter_card":"summary_large_image","twitter_misc":{"Gesch\u00e4tzte Lesezeit":"1\u00a0Minute"},"schema":{"@context":"https:\/\/schema.org","@graph":[{"@type":"WebPage","@id":"https:\/\/mhimmo.de\/?page_id=2082","url":"https:\/\/mhimmo.de\/?page_id=2082","name":"Impressum - MH Immobilien Monika Haumann","isPartOf":{"@id":"https:\/\/mhimmo.de\/#website"},"datePublished":"2020-07-22T19:13:04+00:00","dateModified":"2023-12-06T09:00:47+00:00","breadcrumb":{"@id":"https:\/\/mhimmo.de\/?page_id=2082#breadcrumb"},"inLanguage":"de","potentialAction":[{"@type":"ReadAction","target":["https:\/\/mhimmo.de\/?page_id=2082"]}]},{"@type":"BreadcrumbList","@id":"https:\/\/mhimmo.de\/?page_id=2082#breadcrumb","itemListElement":[{"@type":"ListItem","position":1,"name":"Startseite","item":"https:\/\/mhimmo.de\/"},{"@type":"ListItem","position":2,"name":"Impressum"}]},{"@type":"WebSite","@id":"https:\/\/mhimmo.de\/#website","url":"https:\/\/mhimmo.de\/","name":"MH Immobilien Monika Haumann","description":"Ihr Immobilienmakler in Erding und Umgebung","potentialAction":[{"@type":"SearchAction","target":{"@type":"EntryPoint","urlTemplate":"https:\/\/mhimmo.de\/?s={search_term_string}"},"query-input":{"@type":"PropertyValueSpecification","valueRequired":true,"valueName":"search_term_string"}}],"inLanguage":"de"}]}},"_links":{"self":[{"href":"https:\/\/mhimmo.de\/index.php?rest_route=\/wp\/v2\/pages\/2082","targetHints":{"allow":["GET"]}}],"collection":[{"href":"https:\/\/mhimmo.de\/index.php?rest_route=\/wp\/v2\/pages"}],"about":[{"href":"https:\/\/mhimmo.de\/index.php?rest_route=\/wp\/v2\/types\/page"}],"author":[{"embeddable":true,"href":"https:\/\/mhimmo.de\/index.php?rest_route=\/wp\/v2\/users\/1"}],"replies":[{"embeddable":true,"href":"https:\/\/mhimmo.de\/index.php?rest_route=%2Fwp%2Fv2%2Fcomments&post=2082"}],"version-history":[{"count":15,"href":"https:\/\/mhimmo.de\/index.php?rest_route=\/wp\/v2\/pages\/2082\/revisions"}],"predecessor-version":[{"id":3060,"href":"https:\/\/mhimmo.de\/index.php?rest_route=\/wp\/v2\/pages\/2082\/revisions\/3060"}],"wp:attachment":[{"href":"https:\/\/mhimmo.de\/index.php?rest_route=%2Fwp%2Fv2%2Fmedia&parent=2082"}],"curies":[{"name":"wp","href":"https:\/\/api.w.org\/{rel}","templated":true}]}}