{"id":1938,"date":"2020-03-04T15:43:52","date_gmt":"2020-03-04T15:43:52","guid":{"rendered":"https:\/\/demo06.houzez.co\/?page_id=1938"},"modified":"2021-01-16T22:50:46","modified_gmt":"2021-01-16T22:50:46","slug":"inquiry-form","status":"publish","type":"page","link":"https:\/\/mhimmo.de\/?page_id=1938","title":{"rendered":"Verk\u00e4uferanfrage"},"content":{"rendered":"\t\t<div data-elementor-type=\"wp-page\" data-elementor-id=\"1938\" class=\"elementor elementor-1938\">\n\t\t\t\t\t\t<section class=\"elementor-section elementor-top-section elementor-element elementor-element-1f7e6a74 elementor-section-boxed elementor-section-height-default elementor-section-height-default\" data-id=\"1f7e6a74\" data-element_type=\"section\" data-settings=\"{&quot;background_background&quot;:&quot;classic&quot;}\">\n\t\t\t\t\t\t\t<div class=\"elementor-background-overlay\"><\/div>\n\t\t\t\t\t\t\t<div class=\"elementor-container elementor-column-gap-wider\">\n\t\t\t\t\t<div class=\"elementor-column elementor-col-66 elementor-top-column elementor-element elementor-element-6b7136d3\" data-id=\"6b7136d3\" data-element_type=\"column\" data-settings=\"{&quot;background_background&quot;:&quot;classic&quot;}\">\n\t\t\t<div class=\"elementor-widget-wrap elementor-element-populated\">\n\t\t\t\t\t\t<div class=\"elementor-element elementor-element-74d69cdf elementor-widget elementor-widget-houzez_elementor_space\" data-id=\"74d69cdf\" data-element_type=\"widget\" data-widget_type=\"houzez_elementor_space.default\">\n\t\t\t\t<div class=\"elementor-widget-container\">\n\t\t\t\t\t        <div class=\"houzez-spacer\">\n            <div class=\"houzez-spacer-inner\"><\/div>\n        <\/div>\n        \t\t\t\t<\/div>\n\t\t\t\t<\/div>\n\t\t\t\t<section class=\"elementor-section elementor-inner-section elementor-element elementor-element-133b3217 animated-slow elementor-section-boxed elementor-section-height-default elementor-section-height-default elementor-invisible\" data-id=\"133b3217\" data-element_type=\"section\" data-settings=\"{&quot;background_background&quot;:&quot;classic&quot;,&quot;animation&quot;:&quot;fadeIn&quot;}\">\n\t\t\t\t\t\t<div class=\"elementor-container elementor-column-gap-no\">\n\t\t\t\t\t<div class=\"elementor-column elementor-col-100 elementor-inner-column elementor-element elementor-element-7247dc45\" data-id=\"7247dc45\" data-element_type=\"column\">\n\t\t\t<div class=\"elementor-widget-wrap elementor-element-populated\">\n\t\t\t\t\t\t<div class=\"elementor-element elementor-element-46fb7198 elementor-widget elementor-widget-text-editor\" data-id=\"46fb7198\" data-element_type=\"widget\" data-widget_type=\"text-editor.default\">\n\t\t\t\t<div class=\"elementor-widget-container\">\n\t\t\t\t\t\t\t\t\t<h3>Verk\u00e4ufer-\/Vermieteranfrage<\/h3><p>Sie m\u00f6chten Ihr Haus, Ihre Wohnung oder ein Grundst\u00fcck verkaufen bzw. Ihre Immobile vermieten? Wir unterst\u00fctzen Sie dabei gern und k\u00fcmmern uns um die komplette Abwicklung.<\/p>\t\t\t\t\t\t\t\t<\/div>\n\t\t\t\t<\/div>\n\t\t\t\t<div class=\"elementor-element elementor-element-262f2ca9 elementor-button-align-stretch elementor-widget elementor-widget-houzez_elementor_inquiry_form\" data-id=\"262f2ca9\" data-element_type=\"widget\" data-widget_type=\"houzez_elementor_inquiry_form.default\">\n\t\t\t\t<div class=\"elementor-widget-container\">\n\t\t\t\t\t\n        <script type=\"application\/javascript\">\n            jQuery(document).bind(\"ready\", function () {\n                houzezValidateElementor(\"#houzez-form-262f2ca9\" );\n            });\n        <\/script>\n\n\n        <form class=\"elementor-form houzez-ele-form-js\" id=\"houzez-form-262f2ca9\" method=\"post\" name=\"New Form\" action=\"https:\/\/mhimmo.de\/wp-admin\/admin-ajax.php\">\n            <input type=\"hidden\" name=\"form_id\" value=\"262f2ca9\"\/>\n            <input type=\"hidden\" name=\"action\" value=\"houzez_ele_inquiry_form\" \/>\n            <input type=\"hidden\" name=\"source_link\" value=\"https:\/\/mhimmo.de\/?page_id=1938\" \/>\n            <input type=\"hidden\" name=\"lead_page_id\" value=\"1938\" \/>\n            <input type=\"hidden\" name=\"is_estimation\" value=\"yes\" \/>\n            <input type=\"hidden\" name=\"webhook\" value=\"false\" \/>\n            <input type=\"hidden\" name=\"webhook_url\" value=\"\" \/>\n            <input type=\"hidden\" name=\"redirect_to\" value=\"\" \/>\n            <input type=\"hidden\" name=\"google_recaptcha\" value=\"false\" \/>\n\n            <div class=\"elementor-form-fields-wrapper elementor-labels-above\">\n\n                                    <div class=\"elementor-field-group elementor-column form-group elementor-field-group-cc6b92f elementor-col-50 elementor-field-required\">\n                    <input type=\"text\" name=\"first_name\" id=\"form-field-cc6b92f\" class=\"elementor-field form-control elementor-size-md elementor-field-textual\" placeholder=\"Vorname\" title=\"* Vorname\" required=\"required\">                    <\/div>\n\n                                        <div class=\"elementor-field-group elementor-column form-group elementor-field-group-3cc124e elementor-col-50\">\n                    <input type=\"text\" name=\"last_name\" id=\"form-field-3cc124e\" class=\"elementor-field form-control elementor-size-md elementor-field-textual\" placeholder=\"Nachname\" title=\"* Nachname\">                    <\/div>\n\n                                        <div class=\"elementor-field-group elementor-column form-group elementor-field-group-932d82c elementor-col-50 elementor-field-required\">\n                    <input type=\"email\" name=\"email\" id=\"form-field-932d82c\" class=\"elementor-field form-control elementor-size-md elementor-field-textual\" placeholder=\"E-Mail\" title=\"* E-Mail\" required=\"required\">                    <\/div>\n\n                                        <div class=\"elementor-field-group elementor-column form-group elementor-field-group-304b68f elementor-col-50 elementor-field-required\">\n                    <input type=\"text\" name=\"mobile\" id=\"form-field-304b68f\" class=\"elementor-field form-control elementor-size-md elementor-field-textual\" placeholder=\"Telefon\" title=\"* Telefon\" required=\"required\">                    <\/div>\n\n                                        <div class=\"elementor-field-group elementor-column form-group elementor-field-group-f0ee6fc elementor-col-100 elementor-field-required\">\n                    <input type=\"text\" name=\"e_meta[zipcode]\" id=\"form-field-f0ee6fc\" class=\"elementor-field form-control elementor-size-md elementor-field-textual\" placeholder=\"Adresse\" title=\"* Adresse\" required=\"required\">                    <\/div>\n\n                                        <div class=\"elementor-field-group elementor-column form-group elementor-field-group-3180222 elementor-col-100 elementor-field-required\">\n                    <label for=\"form-field-3180222\" class=\"elementor-field-label\">Immobilie<\/label>        <div class=\"elementor-field elementor-select-wrapper\">\n            <select name=\"e_meta[property_type]\" id=\"form-field-3180222\" class=\"elementor-field-textual form-control elementor-size-md\" required=\"required\" title=\"* Immobilie\">\n                <option value=\"\">Typ<\/option><option value=\"apartment\"> Apartment<\/option><option value=\"bungalow\"> Bungalow<\/option><option value=\"doppelhaushaelfte\"> Doppelhaush\u00e4lfte<\/option><option value=\"einfamilienhaus\"> Einfamilienhaus<\/option><option value=\"gewerbeobjekt\"> Gewerbeobjekt<\/option><option value=\"grundstueck\"> Grundst\u00fcck<\/option><option value=\"maisonettewohnung\"> Maisonettewohnung<\/option><option value=\"mehrfamilienhaus\"> Mehrfamilienhaus<\/option><option value=\"reiheneckhaus\"> Reiheneckhaus<\/option><option value=\"reihenhaus\"> Reihenhaus<\/option><option value=\"reihenmittelhaus\"> Reihenmittelhaus<\/option><option value=\"souterrainwohnung\"> souterrainwohnung<\/option><option value=\"villa\"> Villa<\/option><option value=\"wohnung\"> Wohnung<\/option><option value=\"zweifamilienhaus\"> Zweifamilienhaus<\/option>            <\/select>\n        <\/div>\n                            <\/div>\n\n                                        <div class=\"elementor-field-group elementor-column form-group elementor-field-group-e08cbcb elementor-col-50 elementor-field-required\">\n                    <input type=\"number\" name=\"e_meta[area-size]\" id=\"form-field-e08cbcb\" class=\"elementor-field form-control elementor-size-md elementor-field-textual\" placeholder=\"Gr\u00f6\u00dfe\" title=\"* Gr\u00f6\u00dfe\" required=\"required\" min=\"0\">                    <\/div>\n\n                                        <div class=\"elementor-field-group elementor-column form-group elementor-field-group-66cc0de elementor-col-50 elementor-field-required\">\n                    <input type=\"number\" name=\"e_meta[beds]\" id=\"form-field-66cc0de\" class=\"elementor-field form-control elementor-size-md elementor-field-textual\" placeholder=\"Zimmer\" title=\"* Zimmer\" required=\"required\" min=\"0\">                    <\/div>\n\n                                        <div class=\"elementor-field-group elementor-column form-group elementor-field-group-95c61a9 elementor-col-100\">\n                    <label for=\"form-field-95c61a9\" class=\"elementor-field-label\">Nachricht<\/label><textarea class=\"elementor-field-textual elementor-field elementor-size-md\" name=\"message\" id=\"form-field-95c61a9\" rows=\"4\"><\/textarea>                    <\/div>\n\n                    \n                    \n                    \n                    \n                    <div class=\"elementor-field-group elementor-column elementor-field-type-submit elementor-col-100\">\n                    <button type=\"submit\" class=\"houzez-submit-button houzez-contact-form-js elementor-button elementor-size-md\">\n                        <i class=\"btn-loader houzez-loader-js\"><\/i>\n                                                    Senden                                            <\/button>\n                <\/div>\n            <\/div><!-- End wrapper-->\n            <br\/>\n            <div class=\"ele-form-messages\"><\/div>\n            <div class=\"error-container\"><\/div>\n\n        <\/form>\n\n    \t\t\t\t<\/div>\n\t\t\t\t<\/div>\n\t\t\t\t\t<\/div>\n\t\t<\/div>\n\t\t\t\t\t<\/div>\n\t\t<\/section>\n\t\t\t\t<div class=\"elementor-element elementor-element-7667451a elementor-widget elementor-widget-spacer\" data-id=\"7667451a\" data-element_type=\"widget\" data-widget_type=\"spacer.default\">\n\t\t\t\t<div class=\"elementor-widget-container\">\n\t\t\t\t\t\t\t<div class=\"elementor-spacer\">\n\t\t\t<div class=\"elementor-spacer-inner\"><\/div>\n\t\t<\/div>\n\t\t\t\t\t\t<\/div>\n\t\t\t\t<\/div>\n\t\t\t\t\t<\/div>\n\t\t<\/div>\n\t\t\t\t<div class=\"elementor-column elementor-col-33 elementor-top-column elementor-element elementor-element-e6436f6\" data-id=\"e6436f6\" data-element_type=\"column\">\n\t\t\t<div class=\"elementor-widget-wrap elementor-element-populated\">\n\t\t\t\t\t\t<div class=\"elementor-element elementor-element-c5ddc92 elementor-widget elementor-widget-houzez_elementor_space\" data-id=\"c5ddc92\" data-element_type=\"widget\" data-widget_type=\"houzez_elementor_space.default\">\n\t\t\t\t<div class=\"elementor-widget-container\">\n\t\t\t\t\t        <div class=\"houzez-spacer\">\n            <div class=\"houzez-spacer-inner\"><\/div>\n        <\/div>\n        \t\t\t\t<\/div>\n\t\t\t\t<\/div>\n\t\t\t\t<section class=\"elementor-section elementor-inner-section elementor-element elementor-element-95a5b61 animated-slow elementor-section-boxed elementor-section-height-default elementor-section-height-default elementor-invisible\" data-id=\"95a5b61\" data-element_type=\"section\" data-settings=\"{&quot;background_background&quot;:&quot;classic&quot;,&quot;animation&quot;:&quot;fadeIn&quot;}\">\n\t\t\t\t\t\t<div class=\"elementor-container elementor-column-gap-no\">\n\t\t\t\t\t<div class=\"elementor-column elementor-col-100 elementor-inner-column elementor-element elementor-element-e3fa5c0\" data-id=\"e3fa5c0\" data-element_type=\"column\">\n\t\t\t<div class=\"elementor-widget-wrap elementor-element-populated\">\n\t\t\t\t\t\t<div class=\"elementor-element elementor-element-703e7fc elementor-widget elementor-widget-houzez_elementor_section_title\" data-id=\"703e7fc\" data-element_type=\"widget\" data-widget_type=\"houzez_elementor_section_title.default\">\n\t\t\t\t<div class=\"elementor-widget-container\">\n\t\t\t\t\t            <div class=\"houzez_section_title_wrap section-title-module\">\n                                    <h2 class=\"houzez_section_title\">Monika Haumann<\/h2>\n                \n                                    <p class=\"houzez_section_subtitle\">Inhaberin<\/p>\n                            <\/div>\n            \t\t\t\t<\/div>\n\t\t\t\t<\/div>\n\t\t\t\t<div class=\"elementor-element elementor-element-6333d25 elementor-align-start elementor-icon-list--layout-traditional elementor-list-item-link-full_width elementor-widget elementor-widget-icon-list\" data-id=\"6333d25\" data-element_type=\"widget\" data-widget_type=\"icon-list.default\">\n\t\t\t\t<div class=\"elementor-widget-container\">\n\t\t\t\t\t\t\t<ul class=\"elementor-icon-list-items\">\n\t\t\t\t\t\t\t<li class=\"elementor-icon-list-item\">\n\t\t\t\t\t\t\t\t\t\t\t<a href=\"tel:+17866356365\">\n\n\t\t\t\t\t\t\t\t\t\t\t\t<span class=\"elementor-icon-list-icon\">\n\t\t\t\t\t\t\t<i aria-hidden=\"true\" class=\"fab fa-whatsapp\"><\/i>\t\t\t\t\t\t<\/span>\n\t\t\t\t\t\t\t\t\t\t<span class=\"elementor-icon-list-text\">+49 (0) 175 5833655<\/span>\n\t\t\t\t\t\t\t\t\t\t\t<\/a>\n\t\t\t\t\t\t\t\t\t<\/li>\n\t\t\t\t\t\t<\/ul>\n\t\t\t\t\t\t<\/div>\n\t\t\t\t<\/div>\n\t\t\t\t<div class=\"elementor-element elementor-element-8a87a9c elementor-widget elementor-widget-text-editor\" data-id=\"8a87a9c\" data-element_type=\"widget\" data-widget_type=\"text-editor.default\">\n\t\t\t\t<div class=\"elementor-widget-container\">\n\t\t\t\t\t\t\t\t\t<p><b>Adresse<br \/><\/b>An der Erdinger Str. 13<br \/>88447 Fraunberg \/ Tittenkofen<\/p>\t\t\t\t\t\t\t\t<\/div>\n\t\t\t\t<\/div>\n\t\t\t\t\t<\/div>\n\t\t<\/div>\n\t\t\t\t\t<\/div>\n\t\t<\/section>\n\t\t\t\t\t<\/div>\n\t\t<\/div>\n\t\t\t\t\t<\/div>\n\t\t<\/section>\n\t\t\t\t<\/div>\n\t\t","protected":false},"excerpt":{"rendered":"<p>Verk\u00e4ufer-\/Vermieteranfrage Sie m\u00f6chten Ihr Haus, Ihre Wohnung oder ein Grundst\u00fcck verkaufen bzw. Ihre Immobile vermieten? Wir unterst\u00fctzen Sie dabei gern und k\u00fcmmern uns um die komplette Abwicklung. Immobilie Typ Apartment Bungalow Doppelhaush\u00e4lfte Einfamilienhaus Gewerbeobjekt Grundst\u00fcck Maisonettewohnung Mehrfamilienhaus Reiheneckhaus Reihenhaus Reihenmittelhaus souterrainwohnung Villa Wohnung Nachricht Senden Monika Haumann Inhaberin +49 (0) 175 5833655 AdresseAn der Erdinger [&hellip;]<\/p>\n","protected":false},"author":1,"featured_media":0,"parent":0,"menu_order":0,"comment_status":"closed","ping_status":"closed","template":"template\/template-homepage.php","meta":{"footnotes":""},"class_list":["post-1938","page","type-page","status-publish","hentry"],"yoast_head":"<!-- This site is optimized with the Yoast SEO plugin v26.8 - https:\/\/yoast.com\/product\/yoast-seo-wordpress\/ -->\n<title>Verk\u00e4uferanfrage - MH Immobilien Monika Haumann<\/title>\n<meta name=\"robots\" content=\"index, follow, max-snippet:-1, max-image-preview:large, max-video-preview:-1\" \/>\n<link rel=\"canonical\" href=\"https:\/\/mhimmo.de\/?page_id=1938\" \/>\n<meta property=\"og:locale\" content=\"de_DE\" \/>\n<meta property=\"og:type\" content=\"article\" \/>\n<meta property=\"og:title\" content=\"Verk\u00e4uferanfrage - MH Immobilien Monika Haumann\" \/>\n<meta property=\"og:description\" content=\"Verk\u00e4ufer-\/Vermieteranfrage Sie m\u00f6chten Ihr Haus, Ihre Wohnung oder ein Grundst\u00fcck verkaufen bzw. Ihre Immobile vermieten? Wir unterst\u00fctzen Sie dabei gern und k\u00fcmmern uns um die komplette Abwicklung. Immobilie Typ Apartment Bungalow Doppelhaush\u00e4lfte Einfamilienhaus Gewerbeobjekt Grundst\u00fcck Maisonettewohnung Mehrfamilienhaus Reiheneckhaus Reihenhaus Reihenmittelhaus souterrainwohnung Villa Wohnung Nachricht Senden Monika Haumann Inhaberin +49 (0) 175 5833655 AdresseAn der Erdinger [&hellip;]\" \/>\n<meta property=\"og:url\" content=\"https:\/\/mhimmo.de\/?page_id=1938\" \/>\n<meta property=\"og:site_name\" content=\"MH Immobilien Monika Haumann\" \/>\n<meta property=\"article:modified_time\" content=\"2021-01-16T22:50:46+00:00\" \/>\n<meta name=\"twitter:card\" content=\"summary_large_image\" \/>\n<script type=\"application\/ld+json\" class=\"yoast-schema-graph\">{\"@context\":\"https:\/\/schema.org\",\"@graph\":[{\"@type\":\"WebPage\",\"@id\":\"https:\/\/mhimmo.de\/?page_id=1938\",\"url\":\"https:\/\/mhimmo.de\/?page_id=1938\",\"name\":\"Verk\u00e4uferanfrage - MH Immobilien Monika Haumann\",\"isPartOf\":{\"@id\":\"https:\/\/mhimmo.de\/#website\"},\"datePublished\":\"2020-03-04T15:43:52+00:00\",\"dateModified\":\"2021-01-16T22:50:46+00:00\",\"breadcrumb\":{\"@id\":\"https:\/\/mhimmo.de\/?page_id=1938#breadcrumb\"},\"inLanguage\":\"de\",\"potentialAction\":[{\"@type\":\"ReadAction\",\"target\":[\"https:\/\/mhimmo.de\/?page_id=1938\"]}]},{\"@type\":\"BreadcrumbList\",\"@id\":\"https:\/\/mhimmo.de\/?page_id=1938#breadcrumb\",\"itemListElement\":[{\"@type\":\"ListItem\",\"position\":1,\"name\":\"Startseite\",\"item\":\"https:\/\/mhimmo.de\/\"},{\"@type\":\"ListItem\",\"position\":2,\"name\":\"Verk\u00e4uferanfrage\"}]},{\"@type\":\"WebSite\",\"@id\":\"https:\/\/mhimmo.de\/#website\",\"url\":\"https:\/\/mhimmo.de\/\",\"name\":\"MH Immobilien Monika Haumann\",\"description\":\"Ihr Immobilienmakler in Erding und Umgebung\",\"potentialAction\":[{\"@type\":\"SearchAction\",\"target\":{\"@type\":\"EntryPoint\",\"urlTemplate\":\"https:\/\/mhimmo.de\/?s={search_term_string}\"},\"query-input\":{\"@type\":\"PropertyValueSpecification\",\"valueRequired\":true,\"valueName\":\"search_term_string\"}}],\"inLanguage\":\"de\"}]}<\/script>\n<!-- \/ Yoast SEO plugin. -->","yoast_head_json":{"title":"Verk\u00e4uferanfrage - MH Immobilien Monika Haumann","robots":{"index":"index","follow":"follow","max-snippet":"max-snippet:-1","max-image-preview":"max-image-preview:large","max-video-preview":"max-video-preview:-1"},"canonical":"https:\/\/mhimmo.de\/?page_id=1938","og_locale":"de_DE","og_type":"article","og_title":"Verk\u00e4uferanfrage - MH Immobilien Monika Haumann","og_description":"Verk\u00e4ufer-\/Vermieteranfrage Sie m\u00f6chten Ihr Haus, Ihre Wohnung oder ein Grundst\u00fcck verkaufen bzw. Ihre Immobile vermieten? Wir unterst\u00fctzen Sie dabei gern und k\u00fcmmern uns um die komplette Abwicklung. Immobilie Typ Apartment Bungalow Doppelhaush\u00e4lfte Einfamilienhaus Gewerbeobjekt Grundst\u00fcck Maisonettewohnung Mehrfamilienhaus Reiheneckhaus Reihenhaus Reihenmittelhaus souterrainwohnung Villa Wohnung Nachricht Senden Monika Haumann Inhaberin +49 (0) 175 5833655 AdresseAn der Erdinger [&hellip;]","og_url":"https:\/\/mhimmo.de\/?page_id=1938","og_site_name":"MH Immobilien Monika Haumann","article_modified_time":"2021-01-16T22:50:46+00:00","twitter_card":"summary_large_image","schema":{"@context":"https:\/\/schema.org","@graph":[{"@type":"WebPage","@id":"https:\/\/mhimmo.de\/?page_id=1938","url":"https:\/\/mhimmo.de\/?page_id=1938","name":"Verk\u00e4uferanfrage - MH Immobilien Monika Haumann","isPartOf":{"@id":"https:\/\/mhimmo.de\/#website"},"datePublished":"2020-03-04T15:43:52+00:00","dateModified":"2021-01-16T22:50:46+00:00","breadcrumb":{"@id":"https:\/\/mhimmo.de\/?page_id=1938#breadcrumb"},"inLanguage":"de","potentialAction":[{"@type":"ReadAction","target":["https:\/\/mhimmo.de\/?page_id=1938"]}]},{"@type":"BreadcrumbList","@id":"https:\/\/mhimmo.de\/?page_id=1938#breadcrumb","itemListElement":[{"@type":"ListItem","position":1,"name":"Startseite","item":"https:\/\/mhimmo.de\/"},{"@type":"ListItem","position":2,"name":"Verk\u00e4uferanfrage"}]},{"@type":"WebSite","@id":"https:\/\/mhimmo.de\/#website","url":"https:\/\/mhimmo.de\/","name":"MH Immobilien Monika Haumann","description":"Ihr Immobilienmakler in Erding und Umgebung","potentialAction":[{"@type":"SearchAction","target":{"@type":"EntryPoint","urlTemplate":"https:\/\/mhimmo.de\/?s={search_term_string}"},"query-input":{"@type":"PropertyValueSpecification","valueRequired":true,"valueName":"search_term_string"}}],"inLanguage":"de"}]}},"_links":{"self":[{"href":"https:\/\/mhimmo.de\/index.php?rest_route=\/wp\/v2\/pages\/1938","targetHints":{"allow":["GET"]}}],"collection":[{"href":"https:\/\/mhimmo.de\/index.php?rest_route=\/wp\/v2\/pages"}],"about":[{"href":"https:\/\/mhimmo.de\/index.php?rest_route=\/wp\/v2\/types\/page"}],"author":[{"embeddable":true,"href":"https:\/\/mhimmo.de\/index.php?rest_route=\/wp\/v2\/users\/1"}],"replies":[{"embeddable":true,"href":"https:\/\/mhimmo.de\/index.php?rest_route=%2Fwp%2Fv2%2Fcomments&post=1938"}],"version-history":[{"count":21,"href":"https:\/\/mhimmo.de\/index.php?rest_route=\/wp\/v2\/pages\/1938\/revisions"}],"predecessor-version":[{"id":2339,"href":"https:\/\/mhimmo.de\/index.php?rest_route=\/wp\/v2\/pages\/1938\/revisions\/2339"}],"wp:attachment":[{"href":"https:\/\/mhimmo.de\/index.php?rest_route=%2Fwp%2Fv2%2Fmedia&parent=1938"}],"curies":[{"name":"wp","href":"https:\/\/api.w.org\/{rel}","templated":true}]}}